{"id":518,"date":"2024-10-02T17:19:58","date_gmt":"2024-10-02T17:19:58","guid":{"rendered":"https:\/\/nextmedical.mk\/projects\/"},"modified":"2024-10-07T09:54:33","modified_gmt":"2024-10-07T09:54:33","slug":"projektet","status":"publish","type":"page","link":"https:\/\/nextmedical.mk\/sq\/projektet\/","title":{"rendered":"Projektet"},"content":{"rendered":"\t\t<div data-elementor-type=\"wp-page\" data-elementor-id=\"518\" class=\"elementor elementor-518 elementor-138\" data-elementor-post-type=\"page\">\n\t\t\t\t<div class=\"elementor-element elementor-element-118315e e-flex e-con-boxed e-con e-parent\" data-id=\"118315e\" data-element_type=\"container\" data-settings=\"{&quot;background_background&quot;:&quot;classic&quot;,&quot;shape_divider_bottom&quot;:&quot;tilt&quot;}\">\n\t\t\t\t\t<div class=\"e-con-inner\">\n\t\t\t\t<div class=\"elementor-shape elementor-shape-bottom\" data-negative=\"false\">\n\t\t\t<svg xmlns=\"http:\/\/www.w3.org\/2000\/svg\" viewBox=\"0 0 1000 100\" preserveAspectRatio=\"none\">\n\t<path class=\"elementor-shape-fill\" d=\"M0,6V0h1000v100L0,6z\"\/>\n<\/svg>\t\t<\/div>\n\t\t<div class=\"elementor-element elementor-element-1f1edb4d e-con-full e-flex e-con e-child\" data-id=\"1f1edb4d\" data-element_type=\"container\">\n\t\t\t\t<div class=\"elementor-element elementor-element-3a35260c elementor-invisible elementor-widget elementor-widget-heading\" data-id=\"3a35260c\" data-element_type=\"widget\" data-settings=\"{&quot;_animation&quot;:&quot;fadeInUp&quot;}\" data-widget_type=\"heading.default\">\n\t\t\t\t<div class=\"elementor-widget-container\">\n\t\t\t<h2 class=\"elementor-heading-title elementor-size-default\">projektet<\/h2>\t\t<\/div>\n\t\t\t\t<\/div>\n\t\t\t\t<div class=\"elementor-element elementor-element-6159332e elementor-invisible elementor-widget elementor-widget-heading\" data-id=\"6159332e\" data-element_type=\"widget\" data-settings=\"{&quot;_animation&quot;:&quot;fadeInUp&quot;,&quot;_animation_delay&quot;:200}\" data-widget_type=\"heading.default\">\n\t\t\t\t<div class=\"elementor-widget-container\">\n\t\t\t<h1 class=\"elementor-heading-title elementor-size-default\">Ndikimi i jet\u00ebve: Projektet tona t\u00eb kujdesit sh\u00ebndet\u00ebsor Realizimi i risive q\u00eb transformojn\u00eb kujdesin ndaj pacientit<\/h1>\t\t<\/div>\n\t\t\t\t<\/div>\n\t\t\t\t<\/div>\n\t\t\t\t\t<\/div>\n\t\t\t\t<\/div>\n\t\t<div class=\"elementor-element elementor-element-187502e e-flex e-con-boxed e-con e-parent\" data-id=\"187502e\" data-element_type=\"container\">\n\t\t\t\t\t<div class=\"e-con-inner\">\n\t\t<div class=\"elementor-element elementor-element-eaa9952 e-flex e-con-boxed e-con e-child\" data-id=\"eaa9952\" data-element_type=\"container\">\n\t\t\t\t\t<div class=\"e-con-inner\">\n\t\t\t\t<div class=\"elementor-element elementor-element-e330d02 elementor-widget__width-initial elementor-absolute elementor-hidden-tablet elementor-hidden-mobile elementor-widget elementor-widget-image\" data-id=\"e330d02\" data-element_type=\"widget\" data-settings=\"{&quot;_position&quot;:&quot;absolute&quot;}\" data-widget_type=\"image.default\">\n\t\t\t\t<div class=\"elementor-widget-container\">\n\t\t\t\t\t\t\t\t\t\t\t\t\t<img decoding=\"async\" width=\"94\" height=\"60\" src=\"https:\/\/nextmedical.mk\/wp-content\/uploads\/2024\/10\/dot-smoke-1-1.png\" class=\"attachment-large size-large wp-image-17\" alt=\"Dot Smoke 1 1.png\" \/>\t\t\t\t\t\t\t\t\t\t\t\t\t<\/div>\n\t\t\t\t<\/div>\n\t\t\t\t<div class=\"elementor-element elementor-element-fed665e elementor-invisible elementor-widget elementor-widget-heading\" data-id=\"fed665e\" data-element_type=\"widget\" data-settings=\"{&quot;_animation&quot;:&quot;fadeInUp&quot;,&quot;_animation_delay&quot;:200}\" data-widget_type=\"heading.default\">\n\t\t\t\t<div class=\"elementor-widget-container\">\n\t\t\t<h2 class=\"elementor-heading-title elementor-size-default\">B\u00ebrja e nj\u00eb ndryshimi: Iniciativat tona t\u00eb kujdesit sh\u00ebndet\u00ebsor<\/h2>\t\t<\/div>\n\t\t\t\t<\/div>\n\t\t\t\t<div class=\"elementor-element elementor-element-a1b42d7 elementor-widget elementor-widget-text-editor\" data-id=\"a1b42d7\" data-element_type=\"widget\" data-widget_type=\"text-editor.default\">\n\t\t\t\t<div class=\"elementor-widget-container\">\n\t\t\t\t\t\t\t<p>Q\u00eb nga themelimi i saj n\u00eb vitin 2017, Next Medical ka b\u00ebr\u00eb hapa t\u00eb r\u00ebnd\u00ebsish\u00ebm n\u00eb avancimin e kujdesit sh\u00ebndet\u00ebsor n\u00eb Maqedonin\u00eb e Veriut. Pas nj\u00eb ndryshimi transformues n\u00eb gusht 2023, ne kemi p\u00ebrqafuar nj\u00eb trajektore t\u00eb fuqishme rritjeje, t\u00eb nxitur nga p\u00ebrkushtimi yn\u00eb p\u00ebr t\u00eb ofruar pajisje mjek\u00ebsore moderne dhe teknologji inovative.<\/p><p>Angazhimi yn\u00eb ndaj standardeve t\u00eb larta \u00ebsht\u00eb evident n\u00eb bashk\u00ebpunimet tona me institucionet kryesore sh\u00ebndet\u00ebsore, ku kemi realizuar me sukses disa projekte madhore. K\u00ebto iniciativa p\u00ebrfshijn\u00eb zhvillimin e objekteve t\u00eb avancuara kirurgjikale, zbatimin e teknikave minimalisht invazive dhe futjen e mjeteve moderne diagnostike q\u00eb synojn\u00eb rritjen e rezultateve t\u00eb pacientit. Puna jon\u00eb me spitale t\u00eb ndryshme tregon aft\u00ebsin\u00eb ton\u00eb p\u00ebr t&#8217;u p\u00ebrshtatur me nevojat specifike t\u00eb \u00e7do institucioni, duke siguruar q\u00eb ne t\u00eb ofrojm\u00eb zgjidhje t\u00eb p\u00ebrshtatura q\u00eb p\u00ebrmir\u00ebsojn\u00eb ofrimin e kujdesit sh\u00ebndet\u00ebsor.<\/p><p>Angazhimi i thell\u00eb i Next Medical me sektorin publik t\u00eb kujdesit sh\u00ebndet\u00ebsor pasqyron ekspertiz\u00ebn ton\u00eb n\u00eb lundrimin n\u00eb mjedise rregullatore komplekse. Duke bashk\u00ebpunuar me organet qeveritare dhe ofruesit e kujdesit sh\u00ebndet\u00ebsor, ne kemi krijuar nj\u00eb reputacion p\u00ebr besueshm\u00ebrin\u00eb dhe p\u00ebrsosm\u00ebrin\u00eb n\u00eb ofrimin e zgjidhjeve kritike t\u00eb kujdesit sh\u00ebndet\u00ebsor n\u00eb shkall\u00eb t\u00eb gjer\u00eb.<\/p><p>Nd\u00ebrsa shikojm\u00eb nga e ardhmja, Next Medical mbetet i p\u00ebrkushtuar p\u00ebr t\u00eb shtyr\u00eb kufijt\u00eb e asaj q\u00eb \u00ebsht\u00eb e mundur n\u00eb kujdesin sh\u00ebndet\u00ebsor. Ne jemi t\u00eb etur p\u00ebr t\u00eb eksploruar mund\u00ebsi t\u00eb reja p\u00ebr bashk\u00ebpunim, duke synuar t\u00eb krijojm\u00eb sinergji q\u00eb \u00e7ojn\u00eb n\u00eb sukses t\u00eb p\u00ebrbashk\u00ebt dhe p\u00ebrparime t\u00eb m\u00ebtejshme n\u00eb kujdesin ndaj pacientit. Misioni yn\u00eb \u00ebsht\u00eb t\u00eb jemi n\u00eb krye t\u00eb inovacionit t\u00eb kujdesit sh\u00ebndet\u00ebsor, t\u00eb p\u00ebrkushtuar p\u00ebr t\u00eb p\u00ebrmir\u00ebsuar cil\u00ebsin\u00eb e jet\u00ebs p\u00ebr pacient\u00ebt dhe p\u00ebr t\u00eb mb\u00ebshtetur profesionist\u00ebt e kujdesit sh\u00ebndet\u00ebsor n\u00eb pun\u00ebn e tyre jetike.<\/p>\t\t\t\t\t\t<\/div>\n\t\t\t\t<\/div>\n\t\t\t\t\t<\/div>\n\t\t\t\t<\/div>\n\t\t\t\t\t<\/div>\n\t\t\t\t<\/div>\n\t\t<div class=\"elementor-element elementor-element-64430779 e-flex e-con-boxed e-con e-parent\" data-id=\"64430779\" data-element_type=\"container\" data-settings=\"{&quot;background_background&quot;:&quot;classic&quot;,&quot;shape_divider_top&quot;:&quot;tilt&quot;}\">\n\t\t\t\t\t<div class=\"e-con-inner\">\n\t\t\t\t<div class=\"elementor-shape elementor-shape-top\" data-negative=\"false\">\n\t\t\t<svg xmlns=\"http:\/\/www.w3.org\/2000\/svg\" viewBox=\"0 0 1000 100\" preserveAspectRatio=\"none\">\n\t<path class=\"elementor-shape-fill\" d=\"M0,6V0h1000v100L0,6z\"\/>\n<\/svg>\t\t<\/div>\n\t\t<div class=\"elementor-element elementor-element-78dd98ed e-con-full e-flex e-con e-child\" data-id=\"78dd98ed\" data-element_type=\"container\">\n\t\t<div class=\"elementor-element elementor-element-301678e2 e-flex e-con-boxed e-con e-child\" data-id=\"301678e2\" data-element_type=\"container\">\n\t\t\t\t\t<div class=\"e-con-inner\">\n\t\t\t\t<div class=\"elementor-element elementor-element-6a179e6d elementor-widget__width-initial elementor-absolute elementor-hidden-tablet elementor-hidden-mobile elementor-widget elementor-widget-image\" data-id=\"6a179e6d\" data-element_type=\"widget\" data-settings=\"{&quot;_position&quot;:&quot;absolute&quot;}\" data-widget_type=\"image.default\">\n\t\t\t\t<div class=\"elementor-widget-container\">\n\t\t\t\t\t\t\t\t\t\t\t\t\t<img decoding=\"async\" width=\"94\" height=\"60\" src=\"https:\/\/nextmedical.mk\/wp-content\/uploads\/2024\/10\/dot-smoke-1-1.png\" class=\"attachment-large size-large wp-image-17\" alt=\"Dot Smoke 1 1.png\" \/>\t\t\t\t\t\t\t\t\t\t\t\t\t<\/div>\n\t\t\t\t<\/div>\n\t\t\t\t<div class=\"elementor-element elementor-element-618e3013 elementor-invisible elementor-widget elementor-widget-heading\" data-id=\"618e3013\" data-element_type=\"widget\" data-settings=\"{&quot;_animation&quot;:&quot;fadeInUp&quot;,&quot;_animation_delay&quot;:200}\" data-widget_type=\"heading.default\">\n\t\t\t\t<div class=\"elementor-widget-container\">\n\t\t\t<h3 class=\"elementor-heading-title elementor-size-default\">Projektet e p\u00ebrfunduara<\/h3>\t\t<\/div>\n\t\t\t\t<\/div>\n\t\t\t\t\t<\/div>\n\t\t\t\t<\/div>\n\t\t\t\t<\/div>\n\t\t<div class=\"elementor-element elementor-element-1346d316 e-con-full e-flex e-con e-child\" data-id=\"1346d316\" data-element_type=\"container\">\n\t\t<div class=\"elementor-element elementor-element-4345c8c2 e-con-full e-flex e-con e-child\" data-id=\"4345c8c2\" data-element_type=\"container\">\n\t\t<div class=\"elementor-element elementor-element-743ffb3f e-con-full e-flex e-con e-child\" data-id=\"743ffb3f\" data-element_type=\"container\">\n\t\t<div class=\"elementor-element elementor-element-71968814 e-con-full e-flex e-con e-child\" data-id=\"71968814\" data-element_type=\"container\">\n\t\t<div class=\"elementor-element elementor-element-dff26a7 e-con-full e-flex e-con e-child\" data-id=\"dff26a7\" data-element_type=\"container\">\n\t\t\t\t<div class=\"elementor-element elementor-element-1bf4fe0f ekit-equal-height-enable elementor-widget elementor-widget-elementskit-image-box\" data-id=\"1bf4fe0f\" data-element_type=\"widget\" data-widget_type=\"elementskit-image-box.default\">\n\t\t\t\t<div class=\"elementor-widget-container\">\n\t\t\t<div class=\"ekit-wid-con\" >\n            <div class=\"elementskit-info-image-box ekit-image-box text-center style-modern\" >\n\n                \n                <div class=\"elementskit-box-header image-box-img-center\">\n\n                    <img fetchpriority=\"high\" decoding=\"async\" width=\"800\" height=\"629\" src=\"https:\/\/nextmedical.mk\/wp-content\/uploads\/2024\/10\/VEIII-hand.jpg\" class=\"attachment-large size-large wp-image-430\" alt=\"Veiii Hand\" \/>\n                <\/div>\n                \n                <div class=\"elementskit-box-body ekit-image-box-body\">\n                    <div class=\"elementskit-box-content ekit-image-box-body-inner\">\n                                                <h3 class=\"elementskit-info-box-title\">\n\n                        Olympus\n                        \n                    <\/h3>\n                                                            <div class=\"elementskit-box-style-content\">\n                        Aktualisht jemi t\u00eb angazhuar n\u00eb nj\u00eb projekt t\u00eb r\u00ebnd\u00ebsish\u00ebm me Olympus, duke u fokusuar n\u00eb zbatimin e pajisjeve mjek\u00ebsore t\u00eb avancuara p\u00ebr t\u00eb p\u00ebrmir\u00ebsuar procedurat kirurgjikale. Ky bashk\u00ebpunim i vazhduesh\u00ebm synon t\u00eb pajis\u00eb objektet e kujdesit sh\u00ebndet\u00ebsor me zgjidhje inovative, duke p\u00ebrmir\u00ebsuar rezultatet e pacient\u00ebve dhe efikasitetin operacional n\u00eb Maqedonin\u00eb e Veriut.                    <\/div>\n                                    <\/div>\n\n                            <\/div>\n            <\/div>\n    <\/div>\t\t<\/div>\n\t\t\t\t<\/div>\n\t\t\t\t<\/div>\n\t\t<div class=\"elementor-element elementor-element-65686fe1 e-con-full e-flex e-con e-child\" data-id=\"65686fe1\" data-element_type=\"container\">\n\t\t\t\t<div class=\"elementor-element elementor-element-7e4a6021 ekit-equal-height-enable elementor-widget elementor-widget-elementskit-image-box\" data-id=\"7e4a6021\" data-element_type=\"widget\" data-widget_type=\"elementskit-image-box.default\">\n\t\t\t\t<div class=\"elementor-widget-container\">\n\t\t\t<div class=\"ekit-wid-con\" >\n            <div class=\"elementskit-info-image-box ekit-image-box text-center style-modern\" >\n\n                \n                <div class=\"elementskit-box-header image-box-img-center\">\n\n                    <img decoding=\"async\" width=\"696\" height=\"464\" src=\"https:\/\/nextmedical.mk\/wp-content\/uploads\/2024\/10\/1724078372828.jpg\" class=\"attachment-large size-large wp-image-417\" alt=\"1724078372828\" srcset=\"https:\/\/nextmedical.mk\/wp-content\/uploads\/2024\/10\/1724078372828.jpg 696w, https:\/\/nextmedical.mk\/wp-content\/uploads\/2024\/10\/1724078372828-300x200.jpg 300w\" sizes=\"(max-width: 696px) 100vw, 696px\" \/>\n                <\/div>\n                \n                <div class=\"elementskit-box-body ekit-image-box-body\">\n                    <div class=\"elementskit-box-content ekit-image-box-body-inner\">\n                                                <h3 class=\"elementskit-info-box-title\">\n\n                        Klinika Universitare p\u00ebr Kirurgji Digjestive n\u00eb Shkup\n                        \n                    <\/h3>\n                                                            <div class=\"elementskit-box-style-content\">\n                        Jemi t\u00eb lumtur t\u00eb ndajm\u00eb se Next Medical ka kontribuar n\u00eb Klinik\u00ebn Universitare p\u00ebr Kirurgji Digjestive n\u00eb Shkup, e cila zbuloi pajisje t\u00eb reja mjek\u00ebsore t\u00eb financuara nga Ministria e Sh\u00ebndet\u00ebsis\u00eb. Kontributi yn\u00eb p\u00ebrfshinte nj\u00eb s\u00ebr\u00eb pajisjesh moderne, duke rritur aft\u00ebsit\u00eb e klinik\u00ebs. Falenderim i ve\u00e7ant\u00eb p\u00ebr drejtorin prof. d-r Ognen Kostovski dhe ministrin e Sh\u00ebndet\u00ebsis\u00eb z. Arben Taravari p\u00ebr udh\u00ebheqjen e tyre n\u00eb k\u00ebt\u00eb avancim.                    <\/div>\n                                    <\/div>\n\n                            <\/div>\n            <\/div>\n    <\/div>\t\t<\/div>\n\t\t\t\t<\/div>\n\t\t\t\t<\/div>\n\t\t\t\t<\/div>\n\t\t\t\t<\/div>\n\t\t<div class=\"elementor-element elementor-element-42eb4365 e-con-full e-flex e-con e-child\" data-id=\"42eb4365\" data-element_type=\"container\">\n\t\t\t\t<div class=\"elementor-element elementor-element-77aa2aaf ekit-equal-height-enable elementor-widget elementor-widget-elementskit-image-box\" data-id=\"77aa2aaf\" data-element_type=\"widget\" data-widget_type=\"elementskit-image-box.default\">\n\t\t\t\t<div class=\"elementor-widget-container\">\n\t\t\t<div class=\"ekit-wid-con\" >\n            <div class=\"elementskit-info-image-box ekit-image-box text-center style-modern\" >\n\n                \n                <div class=\"elementskit-box-header image-box-img-center\">\n\n                    <img loading=\"lazy\" decoding=\"async\" width=\"800\" height=\"534\" src=\"https:\/\/nextmedical.mk\/wp-content\/uploads\/2024\/10\/WhatsApp-Image-2024-10-04-at-16.46.05-1024x683.jpeg\" class=\"attachment-large size-large wp-image-424\" alt=\"Whatsapp Image 2024 10 04 At 16.46.05\" srcset=\"https:\/\/nextmedical.mk\/wp-content\/uploads\/2024\/10\/WhatsApp-Image-2024-10-04-at-16.46.05-1024x683.jpeg 1024w, https:\/\/nextmedical.mk\/wp-content\/uploads\/2024\/10\/WhatsApp-Image-2024-10-04-at-16.46.05-300x200.jpeg 300w, https:\/\/nextmedical.mk\/wp-content\/uploads\/2024\/10\/WhatsApp-Image-2024-10-04-at-16.46.05-768x512.jpeg 768w, https:\/\/nextmedical.mk\/wp-content\/uploads\/2024\/10\/WhatsApp-Image-2024-10-04-at-16.46.05-1536x1024.jpeg 1536w, https:\/\/nextmedical.mk\/wp-content\/uploads\/2024\/10\/WhatsApp-Image-2024-10-04-at-16.46.05.jpeg 1548w\" sizes=\"(max-width: 800px) 100vw, 800px\" \/>\n                <\/div>\n                \n                <div class=\"elementskit-box-body ekit-image-box-body\">\n                    <div class=\"elementskit-box-content ekit-image-box-body-inner\">\n                                                <h3 class=\"elementskit-info-box-title\">\n\n                        Klinika Kirurgjikale \"Shen Naum Ohridski\"\n                        \n                    <\/h3>\n                                                            <div class=\"elementskit-box-style-content\">\n                         Klinika Kirurgjikale \"Shen Naum Ohridski\" s\u00eb fundmi ka pranuar nj\u00eb litotripter t\u00eb avancuar, i cili \u00ebsht\u00eb instaluar n\u00eb ambiente t\u00eb pajisura posa\u00e7\u00ebrisht n\u00eb departamentin e urologjis\u00eb. Ky avancim i r\u00ebnd\u00ebsish\u00ebm n\u00eb teknologjin\u00eb mjek\u00ebsore p\u00ebrmir\u00ebson kapacitetin e klinik\u00ebs p\u00ebr t\u00eb trajtuar pacient\u00ebt me kushte urologjike. Ky investim thekson angazhimin e klinik\u00ebs p\u00ebr p\u00ebrmir\u00ebsimin e cil\u00ebsis\u00eb s\u00eb kujdesit sh\u00ebndet\u00ebsor dhe adoptimin e teknologjive inovative n\u00eb praktik\u00ebn e saj.                    <\/div>\n                                    <\/div>\n\n                            <\/div>\n            <\/div>\n    <\/div>\t\t<\/div>\n\t\t\t\t<\/div>\n\t\t\t\t<\/div>\n\t\t\t\t<\/div>\n\t\t\t\t<\/div>\n\t\t\t\t\t<\/div>\n\t\t\t\t<\/div>\n\t\t<div class=\"elementor-element elementor-element-6d573873 e-flex e-con-boxed e-con e-parent\" data-id=\"6d573873\" data-element_type=\"container\" data-settings=\"{&quot;background_background&quot;:&quot;classic&quot;,&quot;shape_divider_top&quot;:&quot;tilt&quot;,&quot;shape_divider_bottom&quot;:&quot;tilt&quot;}\">\n\t\t\t\t\t<div class=\"e-con-inner\">\n\t\t\t\t<div class=\"elementor-shape elementor-shape-top\" data-negative=\"false\">\n\t\t\t<svg xmlns=\"http:\/\/www.w3.org\/2000\/svg\" viewBox=\"0 0 1000 100\" preserveAspectRatio=\"none\">\n\t<path class=\"elementor-shape-fill\" d=\"M0,6V0h1000v100L0,6z\"\/>\n<\/svg>\t\t<\/div>\n\t\t\t\t<div class=\"elementor-shape elementor-shape-bottom\" data-negative=\"false\">\n\t\t\t<svg xmlns=\"http:\/\/www.w3.org\/2000\/svg\" viewBox=\"0 0 1000 100\" preserveAspectRatio=\"none\">\n\t<path class=\"elementor-shape-fill\" d=\"M0,6V0h1000v100L0,6z\"\/>\n<\/svg>\t\t<\/div>\n\t\t<div class=\"elementor-element elementor-element-7030cad9 e-con-full e-flex elementor-invisible e-con e-child\" data-id=\"7030cad9\" data-element_type=\"container\" data-settings=\"{&quot;background_background&quot;:&quot;classic&quot;,&quot;animation&quot;:&quot;fadeInLeft&quot;}\">\n\t\t\t\t<div class=\"elementor-element elementor-element-671fd57 elementor-widget elementor-widget-heading\" data-id=\"671fd57\" data-element_type=\"widget\" data-widget_type=\"heading.default\">\n\t\t\t\t<div class=\"elementor-widget-container\">\n\t\t\t<h2 class=\"elementor-heading-title elementor-size-default\">Inovimi i Kujdesit me Pajisje t\u00eb Avancuara Mjek\u00ebsore<\/h2>\t\t<\/div>\n\t\t\t\t<\/div>\n\t\t\t\t<div class=\"elementor-element elementor-element-4ace39ee elementor-widget elementor-widget-heading\" data-id=\"4ace39ee\" data-element_type=\"widget\" data-widget_type=\"heading.default\">\n\t\t\t\t<div class=\"elementor-widget-container\">\n\t\t\t<h3 class=\"elementor-heading-title elementor-size-default\">Po udh\u00ebheqim transformimin e sh\u00ebndet\u00ebsis\u00eb p\u00ebrmes pajisjeve t\u00eb besueshme dhe t\u00eb avancuara<\/h3>\t\t<\/div>\n\t\t\t\t<\/div>\n\t\t\t\t<\/div>\n\t\t\t\t\t<\/div>\n\t\t\t\t<\/div>\n\t\t\t\t<\/div>\n\t\t","protected":false},"excerpt":{"rendered":"<p>projektet Ndikimi i jet\u00ebve: Projektet tona t\u00eb kujdesit sh\u00ebndet\u00ebsor Realizimi i risive q\u00eb transformojn\u00eb kujdesin ndaj pacientit B\u00ebrja e nj\u00eb ndryshimi: Iniciativat tona t\u00eb kujdesit sh\u00ebndet\u00ebsor Q\u00eb nga themelimi i saj n\u00eb vitin 2017, Next Medical ka b\u00ebr\u00eb hapa t\u00eb r\u00ebnd\u00ebsish\u00ebm n\u00eb avancimin e kujdesit sh\u00ebndet\u00ebsor n\u00eb Maqedonin\u00eb e Veriut. Pas nj\u00eb ndryshimi transformues n\u00eb [&hellip;]<\/p>\n","protected":false},"author":1,"featured_media":0,"parent":0,"menu_order":0,"comment_status":"closed","ping_status":"closed","template":"elementor_header_footer","meta":{"slim_seo":[],"footnotes":""},"class_list":["post-518","page","type-page","status-publish","hentry"],"_links":{"self":[{"href":"https:\/\/nextmedical.mk\/sq\/wp-json\/wp\/v2\/pages\/518","targetHints":{"allow":["GET"]}}],"collection":[{"href":"https:\/\/nextmedical.mk\/sq\/wp-json\/wp\/v2\/pages"}],"about":[{"href":"https:\/\/nextmedical.mk\/sq\/wp-json\/wp\/v2\/types\/page"}],"author":[{"embeddable":true,"href":"https:\/\/nextmedical.mk\/sq\/wp-json\/wp\/v2\/users\/1"}],"replies":[{"embeddable":true,"href":"https:\/\/nextmedical.mk\/sq\/wp-json\/wp\/v2\/comments?post=518"}],"version-history":[{"count":4,"href":"https:\/\/nextmedical.mk\/sq\/wp-json\/wp\/v2\/pages\/518\/revisions"}],"predecessor-version":[{"id":555,"href":"https:\/\/nextmedical.mk\/sq\/wp-json\/wp\/v2\/pages\/518\/revisions\/555"}],"wp:attachment":[{"href":"https:\/\/nextmedical.mk\/sq\/wp-json\/wp\/v2\/media?parent=518"}],"curies":[{"name":"wp","href":"https:\/\/api.w.org\/{rel}","templated":true}]}}